{"id":3150,"date":"2023-07-05T12:17:50","date_gmt":"2023-07-05T12:17:50","guid":{"rendered":"https:\/\/stonemade.qodeinteractive.com\/?page_id=3150"},"modified":"2025-12-14T19:11:32","modified_gmt":"2025-12-14T18:11:32","slug":"kontakt","status":"publish","type":"page","link":"https:\/\/mira-atelier.com\/en\/kontakt\/","title":{"rendered":"Contact"},"content":{"rendered":"<div data-elementor-type=\"wp-page\" data-elementor-id=\"3150\" class=\"elementor elementor-3150\">\n\t\t\t\t<div class=\"elementor-element elementor-element-009b731 e-con-full e-flex e-con e-parent\" data-id=\"009b731\" data-element_type=\"container\" data-settings=\"{&quot;background_background&quot;:&quot;classic&quot;}\">\n\t\t\t\t<div class=\"elementor-element elementor-element-b0f36d5 elementor-widget elementor-widget-spacer\" data-id=\"b0f36d5\" data-element_type=\"widget\" data-widget_type=\"spacer.default\">\n\t\t\t\t\t\t\t<div class=\"elementor-spacer\">\n\t\t\t<div class=\"elementor-spacer-inner\"><\/div>\n\t\t<\/div>\n\t\t\t\t\t\t<\/div>\n\t\t\t\t<\/div>\n\t\t<div class=\"elementor-element elementor-element-76aa3c9 e-con-full e-flex e-con e-parent\" data-id=\"76aa3c9\" data-element_type=\"container\">\n\t\t<div class=\"elementor-element elementor-element-cede73d e-con-full qodef-custom-link-holder e-flex e-con e-child\" data-id=\"cede73d\" data-element_type=\"container\">\n\t\t\t\t<div class=\"elementor-element elementor-element-dc6248a elementor-widget elementor-widget-text-editor\" data-id=\"dc6248a\" data-element_type=\"widget\" data-widget_type=\"text-editor.default\">\n\t\t\t\t\t\t\t\t\t<h4 class=\"vcard_name\"><a href=\"https:\/\/share.google\/NJwZIyrwxQohkSQuM\">ul. Pr\u0105dzy\u0144skiego 48<\/a><\/h4><h5>61-523 Pozna\u0144 (Wilda)<\/h5>\t\t\t\t\t\t\t\t<\/div>\n\t\t\t\t<div class=\"elementor-element elementor-element-dfffb97 elementor-widget elementor-widget-text-editor\" data-id=\"dfffb97\" data-element_type=\"widget\" data-widget_type=\"text-editor.default\">\n\t\t\t\t\t\t\t\t\t<h6><a id=\"call\" href=\"tel:+48725230868\" rel=\"nofollow\">+48 725 230 868<\/a><\/h6>\n<h6><a id=\"mail\" href=\"mailto:mira@mira-atelier.com\">mira@mira-atelier.com<\/a><\/h6>\n<p><script>\n(function(){\n  const phoneFull = atob(\"KzQ4NzI1MjMwODY4\");\n  const phoneDisplay = phoneFull.replace(\/(\\+\\d{2})(\\d{3})(\\d{3})(\\d{3})\/, \"$1 $2 $3 $4\");\n  const callLink = document.getElementById('call');\n  callLink.href = \"tel:\" + phoneFull;\n  callLink.textContent = phoneDisplay;\n\n  const email = atob(\"bWlyYUBtaXJhLWF0ZWxpZXIuY29t\");\n  const mailLink = document.getElementById('mail');\n  mailLink.href = \"mailto:\" + email;\n  mailLink.textContent = email;\n})();\n<\/script><\/p>\t\t\t\t\t\t\t\t<\/div>\n\t\t\t\t<\/div>\n\t\t<div class=\"elementor-element elementor-element-e5758ce e-con-full e-flex e-con e-child\" data-id=\"e5758ce\" data-element_type=\"container\">\n\t\t\t\t<div class=\"elementor-element elementor-element-dce7a43 elementor-widget elementor-widget-wp-widget-stonemade_core_contact_form_7\" data-id=\"dce7a43\" data-element_type=\"widget\" data-widget_type=\"wp-widget-stonemade_core_contact_form_7.default\">\n\t\t\t\t<div class=\"elementor-widget-container\">\n\t\t\t\t\t\t\t\t<div class=\"qodef-contact-form-7\">\n\t\t\t\t\n<div class=\"wpcf7 no-js\" id=\"wpcf7-f35-o1\" lang=\"en-US\" dir=\"ltr\" data-wpcf7-id=\"35\">\n<div class=\"screen-reader-response\"><p role=\"status\" aria-live=\"polite\" aria-atomic=\"true\"><\/p> <ul><\/ul><\/div>\n<form action=\"\/en\/wp-json\/wp\/v2\/pages\/3150#wpcf7-f35-o1\" method=\"post\" class=\"wpcf7-form init demo\" aria-label=\"Contact form\" novalidate=\"novalidate\" data-status=\"init\" data-trp-original-action=\"\/en\/wp-json\/wp\/v2\/pages\/3150#wpcf7-f35-o1\">\n<fieldset class=\"hidden-fields-container\"><input type=\"hidden\" name=\"_wpcf7\" value=\"35\" \/><input type=\"hidden\" name=\"_wpcf7_version\" value=\"6.1.4\" \/><input type=\"hidden\" name=\"_wpcf7_locale\" value=\"en_US\" \/><input type=\"hidden\" name=\"_wpcf7_unit_tag\" value=\"wpcf7-f35-o1\" \/><input type=\"hidden\" name=\"_wpcf7_container_post\" value=\"0\" \/><input type=\"hidden\" name=\"_wpcf7_posted_data_hash\" value=\"\" \/>\n<\/fieldset>\n<div class=\"qodef-contact-form\">\n\n    <h4 class=\"qodef-contact-title\">Have questions?<\/h4>\n\n    <span class=\"wpcf7-form-control-wrap\" data-name=\"your-message\"><textarea cols=\"40\" rows=\"4\" maxlength=\"2000\" class=\"wpcf7-form-control wpcf7-textarea\" aria-invalid=\"false\" placeholder=\"Message...\" name=\"your-message\"><\/textarea><\/span>\n\n    <div class=\"qodef-form-inner\">\n\n        <div class=\"qodef-grid qodef-layout--columns qodef-col-num--2\">\n\n            <div class=\"qodef-grid-inner\">\n\n                <div class=\"qodef-grid-item\">\n\n                    <span class=\"wpcf7-form-control-wrap\" data-name=\"your-name\"><input size=\"40\" maxlength=\"400\" class=\"wpcf7-form-control wpcf7-text wpcf7-validates-as-required\" aria-required=\"true\" aria-invalid=\"false\" placeholder=\"Name*\" value=\"\" type=\"text\" name=\"your-name\" \/><\/span>\n\n                <\/div>\n\n                <div class=\"qodef-grid-item\">\n\n                    <span class=\"wpcf7-form-control-wrap\" data-name=\"your-email\"><input size=\"40\" maxlength=\"400\" class=\"wpcf7-form-control wpcf7-email wpcf7-validates-as-required wpcf7-text wpcf7-validates-as-email\" aria-required=\"true\" aria-invalid=\"false\" placeholder=\"Email*\" value=\"\" type=\"email\" name=\"your-email\" \/><\/span>\n\n                <\/div>\n\n            <\/div>\n\n        <\/div>\n\n        <button class=\"wpcf7-form-control wpcf7-submit qodef-button qodef-size--normal qodef-layout--filled qodef-m\" type=\"submit\"><span class=\"qodef-m-text\">Send<\/span><\/button>\n\n    <\/div>\n\n<\/div><div class=\"wpcf7-response-output\" aria-hidden=\"true\"><\/div>\n<input type=\"hidden\" name=\"trp-form-language\" value=\"en\"\/><\/form>\n<\/div>\n\t\t\t<\/div>\n\t\t\t\t\t\t\t<\/div>\n\t\t\t\t<\/div>\n\t\t\t\t<\/div>\n\t\t\t\t<\/div>\n\t\t<div class=\"elementor-element elementor-element-37b78a1 e-con-full e-flex e-con e-parent\" data-id=\"37b78a1\" data-element_type=\"container\">\n\t\t\t\t<div class=\"elementor-element elementor-element-6a8c53c elementor-widget elementor-widget-google_maps\" data-id=\"6a8c53c\" data-element_type=\"widget\" data-widget_type=\"google_maps.default\">\n\t\t\t\t\t\t\t<div class=\"elementor-custom-embed\">\n\t\t\t<iframe loading=\"lazy\"\n\t\t\t\t\tsrc=\"https:\/\/maps.google.com\/maps?q=ul.%20gen.%20Ignacego%20Pr%C4%85dzy%C5%84skiego%2C%20%C2%A048%20%2061-523%20POZNA%C5%83%20%28POZNA%C5%83-WILDA%29&#038;t=m&#038;z=17&#038;output=embed&#038;iwloc=near\"\n\t\t\t\t\ttitle=\"ul. gen. Ignacego Pr\u0105dzy\u0144skiego, \u00a048  61-523 POZNA\u0143 (POZNA\u0143-WILDA)\"\n\t\t\t\t\taria-label=\"ul. gen. Ignacego Pr\u0105dzy\u0144skiego, \u00a048  61-523 POZNA\u0143 (POZNA\u0143-WILDA)\"\n\t\t\t><\/iframe>\n\t\t<\/div>\n\t\t\t\t\t\t<\/div>\n\t\t\t\t<\/div>\n\t\t\t\t<\/div>","protected":false},"excerpt":{"rendered":"<p>ul. Pr\u0105dzy\u0144skiego 48 61-523 Pozna\u0144 (Wilda) +48 725 230 868 mira@mira-atelier.com<\/p>","protected":false},"author":1,"featured_media":0,"parent":0,"menu_order":0,"comment_status":"closed","ping_status":"closed","template":"page-full-width.php","meta":{"footnotes":""},"class_list":["post-3150","page","type-page","status-publish","hentry"],"yoast_head":"<!-- This site is optimized with the Yoast SEO plugin v27.2 - https:\/\/yoast.com\/product\/yoast-seo-wordpress\/ -->\n<title>Kontakt - Mira atelier<\/title>\n<meta name=\"robots\" content=\"index, follow, max-snippet:-1, max-image-preview:large, max-video-preview:-1\" \/>\n<link rel=\"canonical\" href=\"https:\/\/mira-atelier.com\/en\/kontakt\/\" \/>\n<meta property=\"og:locale\" content=\"en_US\" \/>\n<meta property=\"og:type\" content=\"article\" \/>\n<meta property=\"og:title\" content=\"Kontakt - Mira atelier\" \/>\n<meta property=\"og:description\" content=\"ul. Pr\u0105dzy\u0144skiego 48 61-523 Pozna\u0144 (Wilda) +48 725 230 868 mira@mira-atelier.com\" \/>\n<meta property=\"og:url\" content=\"https:\/\/mira-atelier.com\/en\/kontakt\/\" \/>\n<meta property=\"og:site_name\" content=\"Mira atelier\" \/>\n<meta property=\"article:publisher\" content=\"https:\/\/facebook.com\/mira.mira.atelier\" \/>\n<meta property=\"article:modified_time\" content=\"2025-12-14T18:11:32+00:00\" \/>\n<meta name=\"twitter:card\" content=\"summary_large_image\" \/>\n<script type=\"application\/ld+json\" class=\"yoast-schema-graph\">{\"@context\":\"https:\/\/schema.org\",\"@graph\":[{\"@type\":\"WebPage\",\"@id\":\"https:\/\/mira-atelier.com\/kontakt\/\",\"url\":\"https:\/\/mira-atelier.com\/kontakt\/\",\"name\":\"Kontakt - Mira atelier\",\"isPartOf\":{\"@id\":\"https:\/\/mira-atelier.com\/#website\"},\"datePublished\":\"2023-07-05T12:17:50+00:00\",\"dateModified\":\"2025-12-14T18:11:32+00:00\",\"breadcrumb\":{\"@id\":\"https:\/\/mira-atelier.com\/kontakt\/#breadcrumb\"},\"inLanguage\":\"en-US\",\"potentialAction\":[{\"@type\":\"ReadAction\",\"target\":[\"https:\/\/mira-atelier.com\/kontakt\/\"]}]},{\"@type\":\"BreadcrumbList\",\"@id\":\"https:\/\/mira-atelier.com\/kontakt\/#breadcrumb\",\"itemListElement\":[{\"@type\":\"ListItem\",\"position\":1,\"name\":\"Strona g\u0142\u00f3wna\",\"item\":\"https:\/\/mira-atelier.com\/\"},{\"@type\":\"ListItem\",\"position\":2,\"name\":\"Kontakt\"}]},{\"@type\":\"WebSite\",\"@id\":\"https:\/\/mira-atelier.com\/#website\",\"url\":\"https:\/\/mira-atelier.com\/\",\"name\":\"Mira atelier\",\"description\":\"\",\"publisher\":{\"@id\":\"https:\/\/mira-atelier.com\/#organization\"},\"potentialAction\":[{\"@type\":\"SearchAction\",\"target\":{\"@type\":\"EntryPoint\",\"urlTemplate\":\"https:\/\/mira-atelier.com\/?s={search_term_string}\"},\"query-input\":{\"@type\":\"PropertyValueSpecification\",\"valueRequired\":true,\"valueName\":\"search_term_string\"}}],\"inLanguage\":\"en-US\"},{\"@type\":\"Organization\",\"@id\":\"https:\/\/mira-atelier.com\/#organization\",\"name\":\"Mira atelier\",\"url\":\"https:\/\/mira-atelier.com\/\",\"logo\":{\"@type\":\"ImageObject\",\"inLanguage\":\"en-US\",\"@id\":\"https:\/\/mira-atelier.com\/#\/schema\/logo\/image\/\",\"url\":\"https:\/\/mira-atelier.com\/wp-content\/uploads\/2025\/08\/cropped-logo_black_square.png\",\"contentUrl\":\"https:\/\/mira-atelier.com\/wp-content\/uploads\/2025\/08\/cropped-logo_black_square.png\",\"width\":512,\"height\":512,\"caption\":\"Mira atelier\"},\"image\":{\"@id\":\"https:\/\/mira-atelier.com\/#\/schema\/logo\/image\/\"},\"sameAs\":[\"https:\/\/facebook.com\/mira.mira.atelier\",\"https:\/\/instagram.com\/mira_feter\"]}]}<\/script>\n<!-- \/ Yoast SEO plugin. -->","yoast_head_json":{"title":"Kontakt - Mira atelier","robots":{"index":"index","follow":"follow","max-snippet":"max-snippet:-1","max-image-preview":"max-image-preview:large","max-video-preview":"max-video-preview:-1"},"canonical":"https:\/\/mira-atelier.com\/en\/kontakt\/","og_locale":"en_US","og_type":"article","og_title":"Kontakt - Mira atelier","og_description":"ul. Pr\u0105dzy\u0144skiego 48 61-523 Pozna\u0144 (Wilda) +48 725 230 868 mira@mira-atelier.com","og_url":"https:\/\/mira-atelier.com\/en\/kontakt\/","og_site_name":"Mira atelier","article_publisher":"https:\/\/facebook.com\/mira.mira.atelier","article_modified_time":"2025-12-14T18:11:32+00:00","twitter_card":"summary_large_image","schema":{"@context":"https:\/\/schema.org","@graph":[{"@type":"WebPage","@id":"https:\/\/mira-atelier.com\/kontakt\/","url":"https:\/\/mira-atelier.com\/kontakt\/","name":"Kontakt - Mira atelier","isPartOf":{"@id":"https:\/\/mira-atelier.com\/#website"},"datePublished":"2023-07-05T12:17:50+00:00","dateModified":"2025-12-14T18:11:32+00:00","breadcrumb":{"@id":"https:\/\/mira-atelier.com\/kontakt\/#breadcrumb"},"inLanguage":"en-US","potentialAction":[{"@type":"ReadAction","target":["https:\/\/mira-atelier.com\/kontakt\/"]}]},{"@type":"BreadcrumbList","@id":"https:\/\/mira-atelier.com\/kontakt\/#breadcrumb","itemListElement":[{"@type":"ListItem","position":1,"name":"Strona g\u0142\u00f3wna","item":"https:\/\/mira-atelier.com\/"},{"@type":"ListItem","position":2,"name":"Kontakt"}]},{"@type":"WebSite","@id":"https:\/\/mira-atelier.com\/#website","url":"https:\/\/mira-atelier.com\/","name":"Mira atelier","description":"","publisher":{"@id":"https:\/\/mira-atelier.com\/#organization"},"potentialAction":[{"@type":"SearchAction","target":{"@type":"EntryPoint","urlTemplate":"https:\/\/mira-atelier.com\/?s={search_term_string}"},"query-input":{"@type":"PropertyValueSpecification","valueRequired":true,"valueName":"search_term_string"}}],"inLanguage":"en-US"},{"@type":"Organization","@id":"https:\/\/mira-atelier.com\/#organization","name":"Mira atelier","url":"https:\/\/mira-atelier.com\/","logo":{"@type":"ImageObject","inLanguage":"en-US","@id":"https:\/\/mira-atelier.com\/#\/schema\/logo\/image\/","url":"https:\/\/mira-atelier.com\/wp-content\/uploads\/2025\/08\/cropped-logo_black_square.png","contentUrl":"https:\/\/mira-atelier.com\/wp-content\/uploads\/2025\/08\/cropped-logo_black_square.png","width":512,"height":512,"caption":"Mira atelier"},"image":{"@id":"https:\/\/mira-atelier.com\/#\/schema\/logo\/image\/"},"sameAs":["https:\/\/facebook.com\/mira.mira.atelier","https:\/\/instagram.com\/mira_feter"]}]}},"_links":{"self":[{"href":"https:\/\/mira-atelier.com\/en\/wp-json\/wp\/v2\/pages\/3150","targetHints":{"allow":["GET"]}}],"collection":[{"href":"https:\/\/mira-atelier.com\/en\/wp-json\/wp\/v2\/pages"}],"about":[{"href":"https:\/\/mira-atelier.com\/en\/wp-json\/wp\/v2\/types\/page"}],"author":[{"embeddable":true,"href":"https:\/\/mira-atelier.com\/en\/wp-json\/wp\/v2\/users\/1"}],"replies":[{"embeddable":true,"href":"https:\/\/mira-atelier.com\/en\/wp-json\/wp\/v2\/comments?post=3150"}],"version-history":[{"count":53,"href":"https:\/\/mira-atelier.com\/en\/wp-json\/wp\/v2\/pages\/3150\/revisions"}],"predecessor-version":[{"id":9109,"href":"https:\/\/mira-atelier.com\/en\/wp-json\/wp\/v2\/pages\/3150\/revisions\/9109"}],"wp:attachment":[{"href":"https:\/\/mira-atelier.com\/en\/wp-json\/wp\/v2\/media?parent=3150"}],"curies":[{"name":"wp","href":"https:\/\/api.w.org\/{rel}","templated":true}]}}