{"id":3268,"date":"2023-07-05T13:21:23","date_gmt":"2023-07-05T13:21:23","guid":{"rendered":"https:\/\/stonemade.qodeinteractive.com\/?page_id=3268"},"modified":"2026-02-02T10:57:12","modified_gmt":"2026-02-02T09:57:12","slug":"o-mnie","status":"publish","type":"page","link":"https:\/\/mira-atelier.com\/en\/o-mnie\/","title":{"rendered":"About me"},"content":{"rendered":"<div data-elementor-type=\"wp-page\" data-elementor-id=\"3268\" class=\"elementor elementor-3268\">\n\t\t\t\t<div class=\"elementor-element elementor-element-80a54b9 e-con-full e-flex e-con e-parent\" data-id=\"80a54b9\" data-element_type=\"container\">\n\t\t<div class=\"elementor-element elementor-element-6c7df37 e-con-full e-flex e-con e-child\" data-id=\"6c7df37\" data-element_type=\"container\">\n\t\t\t\t<div class=\"elementor-element elementor-element-14bf181 elementor-widget elementor-widget-text-editor\" data-id=\"14bf181\" data-element_type=\"widget\" data-widget_type=\"text-editor.default\">\n\t\t\t\t\t<style>.elementor-element-14bf181{display:none !important}<\/style>\t\t\t\t<\/div>\n\t\t\t\t<div class=\"elementor-element elementor-element-723f530 elementor-widget elementor-widget-text-editor\" data-id=\"723f530\" data-element_type=\"widget\" data-widget_type=\"text-editor.default\">\n\t\t\t\t\t\t\t\t\t<p><style><span data-mce-type=\"bookmark\" style=\"display: inline-block; width: 0px; overflow: hidden; line-height: 0;\" class=\"mce_SELRES_start\">\ufeff<\/span><br \/>  h6 {<br \/>    margin-top: 3em;<br \/>    margin-bottom: 0.25em;<br \/>  }<br \/><\/style><\/p><h1>Mira Wr\u00f3blewska<\/h1><p class=\"p1\">Born <strong>Martyna Wr\u00f3blewska<\/strong>\u00a0(b. 1989 in <strong>Bydgoszcz<\/strong>) \u2013 visual artist and founder of <strong>\u201cMira Atelier\u201d<\/strong>.<\/p><h6>Education and Beginnings<\/h6><p class=\"p1\">In her work, she combines deep introspection with the unique symbolism of the <strong>body and psyche<\/strong>. She graduated from the <strong>State Secondary School of Fine Arts<\/strong> (Artistic Diploma) in Bydgoszcz and the <strong>Magdalena Abakanowicz University of the Arts<\/strong> in Pozna\u0144 (Design \u2013 Bachelor\u2019s degree, Furniture Design \u2013 Master\u2019s degree).<\/p><h6>Style and Themes of Her Work<\/h6><p class=\"p1\"><strong>Mira<\/strong> creates in the style of <strong>magical realism<\/strong>, which for her is not only an aesthetic but also a deeply personal expression of inner experiences. In her paintings and sculptures, she draws upon <strong>expressionist forms<\/strong>, rooted in self-awareness and in experiences of altered perception of reality encountered while delving into her own subconscious. Deformed figures with exaggerated features, such as <strong>\u201centangled\u201d<\/strong> eyes or elongated fingers, become metaphors for the artist\u2019s intense emotional states. In her works, grounded in <strong>psychological introspection<\/strong>, one can also see influences of <strong>na\u00efve art<\/strong> and <strong>art brut<\/strong>, which strengthen the authenticity of her expression. She confronts the <strong>\u201cdarkness\u201d<\/strong> and <strong>internal conflicts<\/strong>, creating images in which <strong>emotions<\/strong> and <strong>state of mind<\/strong> transform the <strong>depictions of bodies<\/strong>, giving them unique qualities. Using a distinctive language of <strong>body and psyche symbols<\/strong> \u2013 the <strong>unity of soul<\/strong> and <strong>soma<\/strong> \u2013 the artist defines her work as <strong>psychosomatic art<\/strong>.<\/p><h6>Duende \u2013 The Creative Spirit<\/h6><p class=\"p1\">A key element of <strong>Feter\u2019s<\/strong> work is the concept of <strong>Duende<\/strong> \u2013 the Spanish spirit of evocation, the spirit of the earth and inspiration, which becomes an <strong>emotional force<\/strong> guiding the artist through the <strong>act of creation<\/strong> and engaging the audience in a state of full expression. <strong>Duende<\/strong> is not a skill but <strong>authenticity<\/strong>, born of the struggle against the <strong>limitations of the intellect<\/strong> and of <strong>confrontation<\/strong> with the experience of <strong>death<\/strong>. In <strong>Mira\u2019s<\/strong> art, it manifests in forms that express <strong>inner tensions<\/strong> and <strong>emotional darkness<\/strong>, as well as in the form of <strong>birds \u2013 symbolic creatures<\/strong> that become <strong>guides<\/strong> and <strong>voices of Duende<\/strong>. The artist says: <strong>\u201cThis spirit, apparition; charm, enchantment \u2013 is my companion\u201d<\/strong>.<\/p><h6>Exhibitions in Poland<\/h6><ul><li class=\"p1\">Studio Korczak \u2013 Pozna\u0144<\/li><li>Mi\u0119dzynarodowe Targi Pozna\u0144skie<\/li><li class=\"p1\">\u201cW sercu\u201d \u2013 Pozna\u0144<\/li><li class=\"p1\">Stary Browar \u2013 Pozna\u0144<\/li><li class=\"p1\">BWA Bielsko-Bia\u0142a<\/li><li class=\"p1\">Gryf \u2013 Bydgoszcz<\/li><\/ul><h6>Exhibitions Abroad<\/h6><ul><li class=\"p1\">Salone del Mobile \u2013 Milan<\/li><\/ul>\t\t\t\t\t\t\t\t<\/div>\n\t\t\t\t<div class=\"elementor-element elementor-element-f056393 elementor-widget__width-inherit elementor-widget elementor-widget-stonemade_core_icon_with_text\" data-id=\"f056393\" data-element_type=\"widget\" data-widget_type=\"stonemade_core_icon_with_text.default\">\n\t\t\t\t<div class=\"elementor-widget-container\">\n\t\t\t\t\t<div class=\"qodef-shortcode qodef-m qodef-icon-with-text qodef-layout--before-title qodef--custom-icon\">\n\t<div class=\"qodef-m-content\">\n\t\t\t<h6 class=\"qodef-m-title\" >\n\t\t\t\t\t<a itemprop=\"url\" href=\"mailto:mira@mira-atelier.com\" target=\"_self\">\n\t\t\t\t\t<span class=\"qodef-m-title-inner\">\n\t\t\t\t<span class=\"qodef-m-icon-wrapper\"  >\n\t\t\t\t\t<img decoding=\"async\" width=\"16\" height=\"13\" src=\"https:\/\/mira-atelier.com\/wp-content\/uploads\/2023\/07\/mail-icon-1.png\" class=\"attachment-full size-full\" alt=\"\" \/>\t\t\t\t<\/span>\n\t\t\t\t<span class=\"qodef-m-title-text\">\n\t\t\t\t\tmira@mira-atelier.com\t\t\t\t<\/span>\n\t\t\t<\/span>\n\t\t\t\t\t<\/a>\n\t\t\t<\/h6>\n\t\t\t<\/div>\n<\/div>\n\t\t\t\t<\/div>\n\t\t\t\t<\/div>\n\t\t\t\t<div class=\"elementor-element elementor-element-0a14a9b elementor-widget__width-inherit elementor-widget elementor-widget-stonemade_core_icon_with_text\" data-id=\"0a14a9b\" data-element_type=\"widget\" data-widget_type=\"stonemade_core_icon_with_text.default\">\n\t\t\t\t<div class=\"elementor-widget-container\">\n\t\t\t\t\t<div class=\"qodef-shortcode qodef-m qodef-icon-with-text qodef-layout--before-title qodef--custom-icon\">\n\t<div class=\"qodef-m-content\">\n\t\t\t<h6 class=\"qodef-m-title\" >\n\t\t\t\t\t<a itemprop=\"url\" href=\"https:\/\/www.instagram.com\/mira_feter\" target=\"_self\">\n\t\t\t\t\t<span class=\"qodef-m-title-inner\">\n\t\t\t\t<span class=\"qodef-m-icon-wrapper\"  >\n\t\t\t\t\t<img decoding=\"async\" width=\"17\" height=\"17\" src=\"https:\/\/mira-atelier.com\/wp-content\/uploads\/2023\/07\/ig-icon-1.png\" class=\"attachment-full size-full\" alt=\"a\" \/>\t\t\t\t<\/span>\n\t\t\t\t<span class=\"qodef-m-title-text\">\n\t\t\t\t\tmira_feter\t\t\t\t<\/span>\n\t\t\t<\/span>\n\t\t\t\t\t<\/a>\n\t\t\t<\/h6>\n\t\t\t<\/div>\n<\/div>\n\t\t\t\t<\/div>\n\t\t\t\t<\/div>\n\t\t<div class=\"elementor-element elementor-element-04cce6a e-con-full e-flex e-con e-child\" data-id=\"04cce6a\" data-element_type=\"container\">\n\t\t<div class=\"elementor-element elementor-element-3a70c09 e-con-full qodef-custom-link-holder e-flex e-con e-child\" data-id=\"3a70c09\" data-element_type=\"container\">\n\t\t\t\t<div class=\"elementor-element elementor-element-4ab96ee elementor-widget elementor-widget-heading\" data-id=\"4ab96ee\" data-element_type=\"widget\" data-widget_type=\"heading.default\">\n\t\t\t\t\t<h5 class=\"elementor-heading-title elementor-size-default\">Poland<\/h5>\t\t\t\t<\/div>\n\t\t\t\t<div class=\"elementor-element elementor-element-212568a elementor-widget elementor-widget-text-editor\" data-id=\"212568a\" data-element_type=\"widget\" data-widget_type=\"text-editor.default\">\n\t\t\t\t\t\t\t\t\t<p><a href=\"https:\/\/www.facebook.com\/100070339276581\/posts\/duende-i-martyna-mira-feter-wr\u00f3blewski-ju\u017c-dzi\u015b-od-18-w-studio-korczak-g\u0142ogowska\/639130305108273\/\">Studio Korczak &#8211; Pozna\u0144<\/a><\/p>\t\t\t\t\t\t\t\t<\/div>\n\t\t\t\t<div class=\"elementor-element elementor-element-f25d0da elementor-widget elementor-widget-text-editor\" data-id=\"f25d0da\" data-element_type=\"widget\" data-widget_type=\"text-editor.default\">\n\t\t\t\t\t\t\t\t\t<p><a href=\"https:\/\/metamorfozone.blogspot.com\/2016\/03\/arena-design-2016-oraz-patyna-x-dwie.html\">Arena Design 2016<\/a><\/p>\t\t\t\t\t\t\t\t<\/div>\n\t\t\t\t<div class=\"elementor-element elementor-element-eece2e1 elementor-widget elementor-widget-text-editor\" data-id=\"eece2e1\" data-element_type=\"widget\" data-widget_type=\"text-editor.default\">\n\t\t\t\t\t\t\t\t\t<p>\u201e<a href=\"https:\/\/www.dbc.wroc.pl\/Content\/27570\/format_2014_69.pdf\">Format\u201d 2016 nr. 69<\/a><\/p>\t\t\t\t\t\t\t\t<\/div>\n\t\t\t\t<\/div>\n\t\t<div class=\"elementor-element elementor-element-dc4c1d2 e-con-full qodef-custom-link-holder e-flex e-con e-child\" data-id=\"dc4c1d2\" data-element_type=\"container\">\n\t\t\t\t<div class=\"elementor-element elementor-element-6ad2481 elementor-widget elementor-widget-heading\" data-id=\"6ad2481\" data-element_type=\"widget\" data-widget_type=\"heading.default\">\n\t\t\t\t\t<h5 class=\"elementor-heading-title elementor-size-default\">Wordwide<\/h5>\t\t\t\t<\/div>\n\t\t\t\t<div class=\"elementor-element elementor-element-c5b44ce elementor-widget elementor-widget-text-editor\" data-id=\"c5b44ce\" data-element_type=\"widget\" data-widget_type=\"text-editor.default\">\n\t\t\t\t\t\t\t\t\t<p><a href=\"https:\/\/culture.pl\/pl\/galeria\/polish-design-tomorrow-is-today-w-mediolanie-galeria\">POLISH DESIGN. Tomorrow is today<\/a><\/p>\t\t\t\t\t\t\t\t<\/div>\n\t\t\t\t<\/div>\n\t\t\t\t<\/div>\n\t\t<div class=\"elementor-element elementor-element-86563cf e-con-full qodef-custom-link-holder e-flex e-con e-child\" data-id=\"86563cf\" data-element_type=\"container\" data-settings=\"{&quot;background_background&quot;:&quot;classic&quot;}\">\n\t\t<div class=\"elementor-element elementor-element-f46a341 e-con-full e-flex e-con e-child\" data-id=\"f46a341\" data-element_type=\"container\">\n\t\t\t\t<div class=\"elementor-element elementor-element-4e6b7b4 elementor-widget elementor-widget-image\" data-id=\"4e6b7b4\" data-element_type=\"widget\" data-widget_type=\"image.default\">\n\t\t\t\t\t\t\t\t\t\t\t\t\t\t\t\t<a href=\"https:\/\/mira-atelier.com\/en\/\">\n\t\t\t\t\t\t\t<img decoding=\"async\" src=\"https:\/\/mira-atelier.com\/wp-content\/uploads\/elementor\/thumbs\/logo_black-r9q7bsnsr9htaq4ohgt9sr9kg0uah5wthq8okc5o9g.png\" title=\"logo_black\" alt=\"logo_black\" loading=\"lazy\" \/>\t\t\t\t\t\t\t\t<\/a>\n\t\t\t\t\t\t\t\t\t\t\t\t\t\t\t<\/div>\n\t\t\t\t<div class=\"elementor-element elementor-element-23168b2 elementor-widget elementor-widget-spacer\" data-id=\"23168b2\" data-element_type=\"widget\" data-widget_type=\"spacer.default\">\n\t\t\t\t\t\t\t<div class=\"elementor-spacer\">\n\t\t\t<div class=\"elementor-spacer-inner\"><\/div>\n\t\t<\/div>\n\t\t\t\t\t\t<\/div>\n\t\t\t\t<\/div>\n\t\t<div class=\"elementor-element elementor-element-8c5177f e-con-full e-flex e-con e-child\" data-id=\"8c5177f\" data-element_type=\"container\">\n\t\t\t\t<div class=\"elementor-element elementor-element-2ee947e elementor-widget elementor-widget-text-editor\" data-id=\"2ee947e\" data-element_type=\"widget\" data-widget_type=\"text-editor.default\">\n\t\t\t\t\t\t\t\t\t<h5>Subscribe<\/h5>\t\t\t\t\t\t\t\t<\/div>\n\t\t\t\t<div class=\"elementor-element elementor-element-f5982fc elementor-widget elementor-widget-text-editor\" data-id=\"f5982fc\" data-element_type=\"widget\" data-widget_type=\"text-editor.default\">\n\t\t\t\t\t\t\t\t\t<p><a href=\"https:\/\/www.instagram.com\/mira_feter\">Instagram<\/a><\/p>\t\t\t\t\t\t\t\t<\/div>\n\t\t\t\t<div class=\"elementor-element elementor-element-04ac49f elementor-widget elementor-widget-text-editor\" data-id=\"04ac49f\" data-element_type=\"widget\" data-widget_type=\"text-editor.default\">\n\t\t\t\t\t\t\t\t\t<p><a href=\"https:\/\/www.facebook.com\/profile.php?id=100064709049463\">Facebook<\/a><\/p>\t\t\t\t\t\t\t\t<\/div>\n\t\t\t\t<\/div>\n\t\t\t\t<\/div>\n\t\t<div class=\"elementor-element elementor-element-83fb3d5 e-con-full e-flex e-con e-child\" data-id=\"83fb3d5\" data-element_type=\"container\" data-settings=\"{&quot;background_background&quot;:&quot;classic&quot;}\">\n\t\t<div class=\"elementor-element elementor-element-17bd9d4 e-con-full qodef-custom-link-holder e-flex e-con e-child\" data-id=\"17bd9d4\" data-element_type=\"container\">\n\t\t\t\t<div class=\"elementor-element elementor-element-310612e elementor-widget elementor-widget-spacer\" data-id=\"310612e\" data-element_type=\"widget\" data-widget_type=\"spacer.default\">\n\t\t\t\t\t\t\t<div class=\"elementor-spacer\">\n\t\t\t<div class=\"elementor-spacer-inner\"><\/div>\n\t\t<\/div>\n\t\t\t\t\t\t<\/div>\n\t\t\t\t<\/div>\n\t\t\t\t<\/div>\n\t\t\t\t<\/div>\n\t\t<div class=\"elementor-element elementor-element-f531d03 e-con-full qodef-sticky-column--enable elementor-hidden-tablet elementor-hidden-mobile e-flex e-con e-child\" data-id=\"f531d03\" data-element_type=\"container\">\n\t\t\t\t<div class=\"elementor-element elementor-element-db8c040 elementor-widget elementor-widget-stonemade_core_single_image\" data-id=\"db8c040\" data-element_type=\"widget\" data-widget_type=\"stonemade_core_single_image.default\">\n\t\t\t\t<div class=\"elementor-widget-container\">\n\t\t\t\t\t<div class=\"qodef-shortcode qodef-m qodef-single-image qodef-layout--default qodef--full-height\">\n\t\t\t<div class=\"qodef-m-image\">\n\t\t\t\t\t\t\t\t<img fetchpriority=\"high\" decoding=\"async\" width=\"1066\" height=\"1599\" src=\"https:\/\/mira-atelier.com\/wp-content\/uploads\/2025\/08\/de011273da8e262a36b20622455d61f1.jpg\" class=\"attachment-full size-full qodef-list-image\" alt=\"\" srcset=\"https:\/\/mira-atelier.com\/wp-content\/uploads\/2025\/08\/de011273da8e262a36b20622455d61f1.jpg 1066w, https:\/\/mira-atelier.com\/wp-content\/uploads\/2025\/08\/de011273da8e262a36b20622455d61f1-200x300.jpg 200w, https:\/\/mira-atelier.com\/wp-content\/uploads\/2025\/08\/de011273da8e262a36b20622455d61f1-683x1024.jpg 683w, https:\/\/mira-atelier.com\/wp-content\/uploads\/2025\/08\/de011273da8e262a36b20622455d61f1-768x1152.jpg 768w, https:\/\/mira-atelier.com\/wp-content\/uploads\/2025\/08\/de011273da8e262a36b20622455d61f1-1024x1536.jpg 1024w, https:\/\/mira-atelier.com\/wp-content\/uploads\/2025\/08\/de011273da8e262a36b20622455d61f1-600x900.jpg 600w\" sizes=\"(max-width: 1066px) 100vw, 1066px\" \/>\t\t\t\t\t\t\t<\/div>\n\t<\/div>\n\t\t\t\t<\/div>\n\t\t\t\t<\/div>\n\t\t\t\t<\/div>\n\t\t\t\t<\/div>\n\t\t\t\t<\/div>","protected":false},"excerpt":{"rendered":"<p>Mira Wr\u00f3blewska W\u0142a\u015bciwie Martyna Wr\u00f3blewska\u00a0-artystka wizualna i za\u0142o\u017cycielka \u201eMira Atelier\u201d. Edukacja i pocz\u0105tki W swojej tw\u00f3rczo\u015bci \u0142\u0105czy g\u0142\u0119bok\u0105 introspekcj\u0119 z wyj\u0105tkow\u0105 symbolik\u0105 cia\u0142a i psyche. Uko\u0144czy\u0142a Pa\u0144stwow\u0105 Og\u00f3lnokszta\u0142c\u0105c\u0105 Szko\u0142\u0119 Sztuk Pi\u0119knych (Artysta Plastyk) w Bydgoszczy oraz Uniwersytet Artystyczny im. M. Abakanowicz w Poznaniu (Wzornictwo \u2013 licencjat, Projektowanie mebli \u2013magisterium, otwarte magisterium na kierunku Rze\u017aby). praktyka [&hellip;]<\/p>","protected":false},"author":1,"featured_media":0,"parent":0,"menu_order":0,"comment_status":"closed","ping_status":"closed","template":"page-full-width.php","meta":{"footnotes":""},"class_list":["post-3268","page","type-page","status-publish","hentry"],"yoast_head":"<!-- This site is optimized with the Yoast SEO plugin v27.2 - https:\/\/yoast.com\/product\/yoast-seo-wordpress\/ -->\n<title>O mnie - Mira atelier<\/title>\n<meta name=\"robots\" content=\"index, follow, max-snippet:-1, max-image-preview:large, max-video-preview:-1\" \/>\n<link rel=\"canonical\" href=\"https:\/\/mira-atelier.com\/en\/o-mnie\/\" \/>\n<meta property=\"og:locale\" content=\"en_US\" \/>\n<meta property=\"og:type\" content=\"article\" \/>\n<meta property=\"og:title\" content=\"O mnie - Mira atelier\" \/>\n<meta property=\"og:description\" content=\"Mira Wr\u00f3blewska W\u0142a\u015bciwie Martyna Wr\u00f3blewska\u00a0-artystka wizualna i za\u0142o\u017cycielka \u201eMira Atelier\u201d. Edukacja i pocz\u0105tki W swojej tw\u00f3rczo\u015bci \u0142\u0105czy g\u0142\u0119bok\u0105 introspekcj\u0119 z wyj\u0105tkow\u0105 symbolik\u0105 cia\u0142a i psyche. Uko\u0144czy\u0142a Pa\u0144stwow\u0105 Og\u00f3lnokszta\u0142c\u0105c\u0105 Szko\u0142\u0119 Sztuk Pi\u0119knych (Artysta Plastyk) w Bydgoszczy oraz Uniwersytet Artystyczny im. M. Abakanowicz w Poznaniu (Wzornictwo \u2013 licencjat, Projektowanie mebli \u2013magisterium, otwarte magisterium na kierunku Rze\u017aby). praktyka [&hellip;]\" \/>\n<meta property=\"og:url\" content=\"https:\/\/mira-atelier.com\/en\/o-mnie\/\" \/>\n<meta property=\"og:site_name\" content=\"Mira atelier\" \/>\n<meta property=\"article:publisher\" content=\"https:\/\/facebook.com\/mira.mira.atelier\" \/>\n<meta property=\"article:modified_time\" content=\"2026-02-02T09:57:12+00:00\" \/>\n<meta property=\"og:image\" content=\"https:\/\/mira-atelier.com\/wp-content\/uploads\/2023\/07\/mail-icon-1.png\" \/>\n<meta name=\"twitter:card\" content=\"summary_large_image\" \/>\n<meta name=\"twitter:label1\" content=\"Est. reading time\" \/>\n\t<meta name=\"twitter:data1\" content=\"4 minutes\" \/>\n<script type=\"application\/ld+json\" class=\"yoast-schema-graph\">{\"@context\":\"https:\/\/schema.org\",\"@graph\":[{\"@type\":\"WebPage\",\"@id\":\"https:\/\/mira-atelier.com\/o-mnie\/\",\"url\":\"https:\/\/mira-atelier.com\/o-mnie\/\",\"name\":\"O mnie - Mira atelier\",\"isPartOf\":{\"@id\":\"https:\/\/mira-atelier.com\/#website\"},\"primaryImageOfPage\":{\"@id\":\"https:\/\/mira-atelier.com\/o-mnie\/#primaryimage\"},\"image\":{\"@id\":\"https:\/\/mira-atelier.com\/o-mnie\/#primaryimage\"},\"thumbnailUrl\":\"https:\/\/mira-atelier.com\/wp-content\/uploads\/2023\/07\/mail-icon-1.png\",\"datePublished\":\"2023-07-05T13:21:23+00:00\",\"dateModified\":\"2026-02-02T09:57:12+00:00\",\"breadcrumb\":{\"@id\":\"https:\/\/mira-atelier.com\/o-mnie\/#breadcrumb\"},\"inLanguage\":\"en-US\",\"potentialAction\":[{\"@type\":\"ReadAction\",\"target\":[\"https:\/\/mira-atelier.com\/o-mnie\/\"]}]},{\"@type\":\"ImageObject\",\"inLanguage\":\"en-US\",\"@id\":\"https:\/\/mira-atelier.com\/o-mnie\/#primaryimage\",\"url\":\"https:\/\/mira-atelier.com\/wp-content\/uploads\/2023\/07\/mail-icon-1.png\",\"contentUrl\":\"https:\/\/mira-atelier.com\/wp-content\/uploads\/2023\/07\/mail-icon-1.png\"},{\"@type\":\"BreadcrumbList\",\"@id\":\"https:\/\/mira-atelier.com\/o-mnie\/#breadcrumb\",\"itemListElement\":[{\"@type\":\"ListItem\",\"position\":1,\"name\":\"Strona g\u0142\u00f3wna\",\"item\":\"https:\/\/mira-atelier.com\/\"},{\"@type\":\"ListItem\",\"position\":2,\"name\":\"O mnie\"}]},{\"@type\":\"WebSite\",\"@id\":\"https:\/\/mira-atelier.com\/#website\",\"url\":\"https:\/\/mira-atelier.com\/\",\"name\":\"Mira atelier\",\"description\":\"\",\"publisher\":{\"@id\":\"https:\/\/mira-atelier.com\/#organization\"},\"potentialAction\":[{\"@type\":\"SearchAction\",\"target\":{\"@type\":\"EntryPoint\",\"urlTemplate\":\"https:\/\/mira-atelier.com\/?s={search_term_string}\"},\"query-input\":{\"@type\":\"PropertyValueSpecification\",\"valueRequired\":true,\"valueName\":\"search_term_string\"}}],\"inLanguage\":\"en-US\"},{\"@type\":\"Organization\",\"@id\":\"https:\/\/mira-atelier.com\/#organization\",\"name\":\"Mira atelier\",\"url\":\"https:\/\/mira-atelier.com\/\",\"logo\":{\"@type\":\"ImageObject\",\"inLanguage\":\"en-US\",\"@id\":\"https:\/\/mira-atelier.com\/#\/schema\/logo\/image\/\",\"url\":\"https:\/\/mira-atelier.com\/wp-content\/uploads\/2025\/08\/cropped-logo_black_square.png\",\"contentUrl\":\"https:\/\/mira-atelier.com\/wp-content\/uploads\/2025\/08\/cropped-logo_black_square.png\",\"width\":512,\"height\":512,\"caption\":\"Mira atelier\"},\"image\":{\"@id\":\"https:\/\/mira-atelier.com\/#\/schema\/logo\/image\/\"},\"sameAs\":[\"https:\/\/facebook.com\/mira.mira.atelier\",\"https:\/\/instagram.com\/mira_feter\"]}]}<\/script>\n<!-- \/ Yoast SEO plugin. -->","yoast_head_json":{"title":"O mnie - Mira atelier","robots":{"index":"index","follow":"follow","max-snippet":"max-snippet:-1","max-image-preview":"max-image-preview:large","max-video-preview":"max-video-preview:-1"},"canonical":"https:\/\/mira-atelier.com\/en\/o-mnie\/","og_locale":"en_US","og_type":"article","og_title":"O mnie - Mira atelier","og_description":"Mira Wr\u00f3blewska W\u0142a\u015bciwie Martyna Wr\u00f3blewska\u00a0-artystka wizualna i za\u0142o\u017cycielka \u201eMira Atelier\u201d. Edukacja i pocz\u0105tki W swojej tw\u00f3rczo\u015bci \u0142\u0105czy g\u0142\u0119bok\u0105 introspekcj\u0119 z wyj\u0105tkow\u0105 symbolik\u0105 cia\u0142a i psyche. Uko\u0144czy\u0142a Pa\u0144stwow\u0105 Og\u00f3lnokszta\u0142c\u0105c\u0105 Szko\u0142\u0119 Sztuk Pi\u0119knych (Artysta Plastyk) w Bydgoszczy oraz Uniwersytet Artystyczny im. M. Abakanowicz w Poznaniu (Wzornictwo \u2013 licencjat, Projektowanie mebli \u2013magisterium, otwarte magisterium na kierunku Rze\u017aby). praktyka [&hellip;]","og_url":"https:\/\/mira-atelier.com\/en\/o-mnie\/","og_site_name":"Mira atelier","article_publisher":"https:\/\/facebook.com\/mira.mira.atelier","article_modified_time":"2026-02-02T09:57:12+00:00","og_image":[{"url":"https:\/\/mira-atelier.com\/wp-content\/uploads\/2023\/07\/mail-icon-1.png","type":"","width":"","height":""}],"twitter_card":"summary_large_image","twitter_misc":{"Est. reading time":"4 minutes"},"schema":{"@context":"https:\/\/schema.org","@graph":[{"@type":"WebPage","@id":"https:\/\/mira-atelier.com\/o-mnie\/","url":"https:\/\/mira-atelier.com\/o-mnie\/","name":"O mnie - Mira atelier","isPartOf":{"@id":"https:\/\/mira-atelier.com\/#website"},"primaryImageOfPage":{"@id":"https:\/\/mira-atelier.com\/o-mnie\/#primaryimage"},"image":{"@id":"https:\/\/mira-atelier.com\/o-mnie\/#primaryimage"},"thumbnailUrl":"https:\/\/mira-atelier.com\/wp-content\/uploads\/2023\/07\/mail-icon-1.png","datePublished":"2023-07-05T13:21:23+00:00","dateModified":"2026-02-02T09:57:12+00:00","breadcrumb":{"@id":"https:\/\/mira-atelier.com\/o-mnie\/#breadcrumb"},"inLanguage":"en-US","potentialAction":[{"@type":"ReadAction","target":["https:\/\/mira-atelier.com\/o-mnie\/"]}]},{"@type":"ImageObject","inLanguage":"en-US","@id":"https:\/\/mira-atelier.com\/o-mnie\/#primaryimage","url":"https:\/\/mira-atelier.com\/wp-content\/uploads\/2023\/07\/mail-icon-1.png","contentUrl":"https:\/\/mira-atelier.com\/wp-content\/uploads\/2023\/07\/mail-icon-1.png"},{"@type":"BreadcrumbList","@id":"https:\/\/mira-atelier.com\/o-mnie\/#breadcrumb","itemListElement":[{"@type":"ListItem","position":1,"name":"Strona g\u0142\u00f3wna","item":"https:\/\/mira-atelier.com\/"},{"@type":"ListItem","position":2,"name":"O mnie"}]},{"@type":"WebSite","@id":"https:\/\/mira-atelier.com\/#website","url":"https:\/\/mira-atelier.com\/","name":"Mira atelier","description":"","publisher":{"@id":"https:\/\/mira-atelier.com\/#organization"},"potentialAction":[{"@type":"SearchAction","target":{"@type":"EntryPoint","urlTemplate":"https:\/\/mira-atelier.com\/?s={search_term_string}"},"query-input":{"@type":"PropertyValueSpecification","valueRequired":true,"valueName":"search_term_string"}}],"inLanguage":"en-US"},{"@type":"Organization","@id":"https:\/\/mira-atelier.com\/#organization","name":"Mira atelier","url":"https:\/\/mira-atelier.com\/","logo":{"@type":"ImageObject","inLanguage":"en-US","@id":"https:\/\/mira-atelier.com\/#\/schema\/logo\/image\/","url":"https:\/\/mira-atelier.com\/wp-content\/uploads\/2025\/08\/cropped-logo_black_square.png","contentUrl":"https:\/\/mira-atelier.com\/wp-content\/uploads\/2025\/08\/cropped-logo_black_square.png","width":512,"height":512,"caption":"Mira atelier"},"image":{"@id":"https:\/\/mira-atelier.com\/#\/schema\/logo\/image\/"},"sameAs":["https:\/\/facebook.com\/mira.mira.atelier","https:\/\/instagram.com\/mira_feter"]}]}},"_links":{"self":[{"href":"https:\/\/mira-atelier.com\/en\/wp-json\/wp\/v2\/pages\/3268","targetHints":{"allow":["GET"]}}],"collection":[{"href":"https:\/\/mira-atelier.com\/en\/wp-json\/wp\/v2\/pages"}],"about":[{"href":"https:\/\/mira-atelier.com\/en\/wp-json\/wp\/v2\/types\/page"}],"author":[{"embeddable":true,"href":"https:\/\/mira-atelier.com\/en\/wp-json\/wp\/v2\/users\/1"}],"replies":[{"embeddable":true,"href":"https:\/\/mira-atelier.com\/en\/wp-json\/wp\/v2\/comments?post=3268"}],"version-history":[{"count":62,"href":"https:\/\/mira-atelier.com\/en\/wp-json\/wp\/v2\/pages\/3268\/revisions"}],"predecessor-version":[{"id":9194,"href":"https:\/\/mira-atelier.com\/en\/wp-json\/wp\/v2\/pages\/3268\/revisions\/9194"}],"wp:attachment":[{"href":"https:\/\/mira-atelier.com\/en\/wp-json\/wp\/v2\/media?parent=3268"}],"curies":[{"name":"wp","href":"https:\/\/api.w.org\/{rel}","templated":true}]}}