{"id":9153,"date":"2025-12-14T21:07:30","date_gmt":"2025-12-14T20:07:30","guid":{"rendered":"https:\/\/mira-atelier.com\/?post_type=product&#038;p=9153"},"modified":"2026-03-22T15:33:49","modified_gmt":"2026-03-22T14:33:49","slug":"9153","status":"publish","type":"product","link":"https:\/\/mira-atelier.com\/en\/shop\/warsztaty\/9153\/","title":{"rendered":"Warsztat artystyczny grupowy"},"content":{"rendered":"<p class=\"cvGsUA direction-ltr align-start para-style-body\"><span class=\"a_GcMg font-feature-liga-off font-feature-clig-off font-feature-calt-off text-decoration-none text-strikethrough-none\">WARSZTATY GRUPOWE (do 6 OS\u00d3B)<\/span><\/p>\n\n\n\n<ul class=\"wp-block-list\">\n<li>kameralna ma\u0142a grupa<\/li>\n\n\n\n<li>czas trwania: ok. 3h<\/li>\n\n\n\n<li>malarstwo jako praca z energi\u0105<\/li>\n<\/ul>\n\n\n\n<p class=\"cvGsUA direction-ltr align-start para-style-body\"><\/p>\n\n\n\n<p class=\"cvGsUA align-start para-style-body direction-ltr\"><span class=\"a_GcMg font-feature-liga-off font-feature-clig-off font-feature-calt-off text-decoration-none text-strikethrough-none\">Zakres tematyczny<\/span><\/p>\n\n\n\n<ul class=\"wp-block-list\">\n<li><span class=\"a_GcMg font-feature-liga-off font-feature-clig-off font-feature-calt-off text-decoration-none text-strikethrough-none\">Wprowadzenie do procesu tw\u00f3rczego w grupie<\/span><\/li>\n\n\n\n<li><span class=\"a_GcMg font-feature-liga-off font-feature-clig-off font-feature-calt-off text-decoration-none text-strikethrough-none\">Intuicyjne malowanie lub tworzenie z gliny \u2014 techniki podstawowe<\/span><\/li>\n\n\n\n<li><span class=\"a_GcMg font-feature-liga-off font-feature-clig-off font-feature-calt-off text-decoration-none text-strikethrough-none\">Praca z emocj\u0105, kolorem i gestem w wymiarze grupowym<\/span><\/li>\n\n\n\n<li><span class=\"a_GcMg font-feature-liga-off font-feature-clig-off font-feature-calt-off text-decoration-none text-strikethrough-none\">\u0106wiczenia otwieraj\u0105ce kreatywno\u015b\u0107 (kr\u00f3tka medytacja, ruch, oddech)<\/span><\/li>\n\n\n\n<li><span class=\"a_GcMg font-feature-liga-off font-feature-clig-off font-feature-calt-off text-decoration-none text-strikethrough-none\">Tworzenie w\u0142asnej pracy w atmosferze wsp\u00f3\u0142obecno\u015bci i wsparcia<\/span><\/li>\n\n\n\n<li><span class=\"a_GcMg font-feature-liga-off font-feature-clig-off font-feature-calt-off text-decoration-none text-strikethrough-none\">Funkcja grupy w procesie tw\u00f3rczym \u2014 rezonans, inspiracja, odbicie lustrzane emocji<\/span><\/li>\n\n\n\n<li><span class=\"a_GcMg font-feature-liga-off font-feature-clig-off font-feature-calt-off text-decoration-none text-strikethrough-none\">Om\u00f3wienie prac i proces\u00f3w w lekkiej, nieoceniaj\u0105cej formie<\/span><\/li>\n<\/ul>\n\n\n\n<p><\/p>\n\n\n\n<p class=\"cvGsUA align-start para-style-body direction-ltr\"><span class=\"a_GcMg font-feature-liga-off font-feature-clig-off font-feature-calt-off text-decoration-none text-strikethrough-none\">Korzy\u015bci dla uczestnik\u00f3w<\/span><\/p>\n\n\n\n<ul class=\"wp-block-list\">\n<li><span class=\"a_GcMg font-feature-liga-off font-feature-clig-off font-feature-calt-off text-decoration-none text-strikethrough-none\">Przestrze\u0144 do odblokowania kreatywno\u015bci w bezpiecznej, kameralnej grupie<\/span><\/li>\n\n\n\n<li><span class=\"a_GcMg font-feature-liga-off font-feature-clig-off font-feature-calt-off text-decoration-none text-strikethrough-none\">Naturalna motywacja i inspiracja p\u0142yn\u0105ca z pracy obok innych<\/span><\/li>\n\n\n\n<li><span class=\"a_GcMg font-feature-liga-off font-feature-clig-off font-feature-calt-off text-decoration-none text-strikethrough-none\">Poczucie wsp\u00f3lnoty i przynale\u017cno\u015bci<\/span><\/li>\n\n\n\n<li><span class=\"a_GcMg font-feature-liga-off font-feature-clig-off font-feature-calt-off text-decoration-none text-strikethrough-none\">Wzrost odwagi tw\u00f3rczej \u2014 \u201enie jestem w tym sam\/a\u201d<\/span><\/li>\n\n\n\n<li><span class=\"a_GcMg font-feature-liga-off font-feature-clig-off font-feature-calt-off text-decoration-none text-strikethrough-none\">Lekko\u015b\u0107 i zabawa \u2014 energia przep\u0142ywu i spontaniczno\u015bci<\/span><\/li>\n\n\n\n<li><span class=\"a_GcMg font-feature-liga-off font-feature-clig-off font-feature-calt-off text-decoration-none text-strikethrough-none\">Uczestnicy wychodz\u0105 z w\u0142asn\u0105 prac\u0105: obrazem lub rze\u017ab\u0105 w zale\u017cno\u015bci od tematyki warsztat\u00f3w<\/span><\/li>\n\n\n\n<li><span class=\"a_GcMg font-feature-liga-off font-feature-clig-off font-feature-calt-off text-decoration-none text-strikethrough-none\">Idealne dla os\u00f3b, kt\u00f3re chc\u0105 spr\u00f3bowa\u0107 tw\u00f3rczo\u015bci bez presji<\/span><\/li>\n\n\n\n<li><span class=\"a_GcMg font-feature-liga-off font-feature-clig-off font-feature-calt-off text-decoration-none text-strikethrough-none\">Pocz\u0119stunek zio\u0142owym naparem, dla cia\u0142a<\/span><\/li>\n<\/ul>\n\n\n\n<p class=\"cvGsUA align-start para-style-body direction-ltr\"><span class=\"a_GcMg font-feature-liga-off font-feature-clig-off font-feature-calt-off text-decoration-none text-strikethrough-none\">Forma szkolenia<\/span><\/p>\n\n\n\n<ul class=\"wp-block-list\">\n<li><span class=\"a_GcMg font-feature-liga-off font-feature-clig-off font-feature-calt-off text-decoration-none text-strikethrough-none\">Oko\u0142o 3 godzinny warsztat w grupie 4\u20136 os\u00f3b<\/span><\/li>\n\n\n\n<li><span class=\"a_GcMg font-feature-liga-off font-feature-clig-off font-feature-calt-off text-decoration-none text-strikethrough-none\">Prowadzenie przez Mir\u0119 z balansowaniem energii grupy<\/span><\/li>\n\n\n\n<li><span class=\"a_GcMg font-feature-liga-off font-feature-clig-off font-feature-calt-off text-decoration-none text-strikethrough-none\">\u0106wiczenia wprowadzaj\u0105ce, wsp\u00f3lny rytua\u0142 otwarcia<\/span><\/li>\n\n\n\n<li><span class=\"a_GcMg font-feature-liga-off font-feature-clig-off font-feature-calt-off text-decoration-none text-strikethrough-none\">Tworzenie wsp\u00f3lne, ale w indywidualnym tempie<\/span><\/li>\n\n\n\n<li><span class=\"a_GcMg font-feature-liga-off font-feature-clig-off font-feature-calt-off text-decoration-none text-strikethrough-none\">Om\u00f3wienie na ko\u0144cu + w\u0142asna praca do zabrania do domu + zdj\u0119cia prac (opcjonalnie)<\/span><\/li>\n\n\n\n<li><span class=\"a_GcMg font-feature-liga-off font-feature-clig-off font-feature-calt-off text-decoration-none text-strikethrough-none\">Wszystkie materia\u0142y wliczone<\/span><\/li>\n<\/ul>\n\n\n\n<p class=\"cvGsUA align-start para-style-body direction-ltr\"><span class=\"a_GcMg font-feature-liga-off font-feature-clig-off font-feature-calt-off text-decoration-none text-strikethrough-none\">data spotkania ustalana jest indywidualnie.<\/span><\/p>","protected":false},"excerpt":{"rendered":"<p>Warsztaty grupowe- malarstwo artystyczne jako praca z energi\u0105 wewn\u0119trznej transformacji<\/p>","protected":false},"featured_media":9170,"template":"","meta":[],"product_brand":[],"product_cat":[75],"product_tag":[],"class_list":{"0":"post-9153","1":"product","2":"type-product","3":"status-publish","4":"has-post-thumbnail","6":"product_cat-warsztaty","7":"new","9":"first","10":"instock","11":"virtual","12":"purchasable","13":"product-type-simple"},"yoast_head":"<!-- This site is optimized with the Yoast SEO plugin v27.2 - https:\/\/yoast.com\/product\/yoast-seo-wordpress\/ -->\n<title>Warsztat artystyczny grupowy - Mira atelier<\/title>\n<meta name=\"robots\" content=\"index, follow, max-snippet:-1, max-image-preview:large, max-video-preview:-1\" \/>\n<link rel=\"canonical\" href=\"https:\/\/mira-atelier.com\/en\/shop\/warsztaty\/9153\/\" \/>\n<meta property=\"og:locale\" content=\"en_US\" \/>\n<meta property=\"og:type\" content=\"article\" \/>\n<meta property=\"og:title\" content=\"Warsztat artystyczny grupowy - Mira atelier\" \/>\n<meta property=\"og:description\" content=\"Warsztaty grupowe- malarstwo artystyczne jako praca z energi\u0105 wewn\u0119trznej transformacji\" \/>\n<meta property=\"og:url\" content=\"https:\/\/mira-atelier.com\/en\/shop\/warsztaty\/9153\/\" \/>\n<meta property=\"og:site_name\" content=\"Mira atelier\" \/>\n<meta property=\"article:publisher\" content=\"https:\/\/facebook.com\/mira.mira.atelier\" \/>\n<meta property=\"article:modified_time\" content=\"2026-03-22T14:33:49+00:00\" \/>\n<meta property=\"og:image\" content=\"https:\/\/mira-atelier.com\/wp-content\/uploads\/2025\/12\/IMG_1476-scaled.jpg\" \/>\n\t<meta property=\"og:image:width\" content=\"1920\" \/>\n\t<meta property=\"og:image:height\" content=\"2560\" \/>\n\t<meta property=\"og:image:type\" content=\"image\/jpeg\" \/>\n<meta name=\"twitter:card\" content=\"summary_large_image\" \/>\n<meta name=\"twitter:label1\" content=\"Est. reading time\" \/>\n\t<meta name=\"twitter:data1\" content=\"1 minute\" \/>\n<script type=\"application\/ld+json\" class=\"yoast-schema-graph\">{\"@context\":\"https:\/\/schema.org\",\"@graph\":[{\"@type\":\"WebPage\",\"@id\":\"https:\/\/mira-atelier.com\/shop\/warsztaty\/9153\/\",\"url\":\"https:\/\/mira-atelier.com\/shop\/warsztaty\/9153\/\",\"name\":\"Warsztat artystyczny grupowy - Mira atelier\",\"isPartOf\":{\"@id\":\"https:\/\/mira-atelier.com\/#website\"},\"primaryImageOfPage\":{\"@id\":\"https:\/\/mira-atelier.com\/shop\/warsztaty\/9153\/#primaryimage\"},\"image\":{\"@id\":\"https:\/\/mira-atelier.com\/shop\/warsztaty\/9153\/#primaryimage\"},\"thumbnailUrl\":\"https:\/\/mira-atelier.com\/wp-content\/uploads\/2025\/12\/IMG_1476-scaled.jpg\",\"datePublished\":\"2025-12-14T20:07:30+00:00\",\"dateModified\":\"2026-03-22T14:33:49+00:00\",\"breadcrumb\":{\"@id\":\"https:\/\/mira-atelier.com\/shop\/warsztaty\/9153\/#breadcrumb\"},\"inLanguage\":\"en-US\",\"potentialAction\":[{\"@type\":\"ReadAction\",\"target\":[\"https:\/\/mira-atelier.com\/shop\/warsztaty\/9153\/\"]}]},{\"@type\":\"ImageObject\",\"inLanguage\":\"en-US\",\"@id\":\"https:\/\/mira-atelier.com\/shop\/warsztaty\/9153\/#primaryimage\",\"url\":\"https:\/\/mira-atelier.com\/wp-content\/uploads\/2025\/12\/IMG_1476-scaled.jpg\",\"contentUrl\":\"https:\/\/mira-atelier.com\/wp-content\/uploads\/2025\/12\/IMG_1476-scaled.jpg\",\"width\":1920,\"height\":2560},{\"@type\":\"BreadcrumbList\",\"@id\":\"https:\/\/mira-atelier.com\/shop\/warsztaty\/9153\/#breadcrumb\",\"itemListElement\":[{\"@type\":\"ListItem\",\"position\":1,\"name\":\"Strona g\u0142\u00f3wna\",\"item\":\"https:\/\/mira-atelier.com\/\"},{\"@type\":\"ListItem\",\"position\":2,\"name\":\"Products\",\"item\":\"https:\/\/mira-atelier.com\/shop\/\"},{\"@type\":\"ListItem\",\"position\":3,\"name\":\"Warsztat artystyczny grupowy\"}]},{\"@type\":\"WebSite\",\"@id\":\"https:\/\/mira-atelier.com\/#website\",\"url\":\"https:\/\/mira-atelier.com\/\",\"name\":\"Mira atelier\",\"description\":\"\",\"publisher\":{\"@id\":\"https:\/\/mira-atelier.com\/#organization\"},\"potentialAction\":[{\"@type\":\"SearchAction\",\"target\":{\"@type\":\"EntryPoint\",\"urlTemplate\":\"https:\/\/mira-atelier.com\/?s={search_term_string}\"},\"query-input\":{\"@type\":\"PropertyValueSpecification\",\"valueRequired\":true,\"valueName\":\"search_term_string\"}}],\"inLanguage\":\"en-US\"},{\"@type\":\"Organization\",\"@id\":\"https:\/\/mira-atelier.com\/#organization\",\"name\":\"Mira atelier\",\"url\":\"https:\/\/mira-atelier.com\/\",\"logo\":{\"@type\":\"ImageObject\",\"inLanguage\":\"en-US\",\"@id\":\"https:\/\/mira-atelier.com\/#\/schema\/logo\/image\/\",\"url\":\"https:\/\/mira-atelier.com\/wp-content\/uploads\/2025\/08\/cropped-logo_black_square.png\",\"contentUrl\":\"https:\/\/mira-atelier.com\/wp-content\/uploads\/2025\/08\/cropped-logo_black_square.png\",\"width\":512,\"height\":512,\"caption\":\"Mira atelier\"},\"image\":{\"@id\":\"https:\/\/mira-atelier.com\/#\/schema\/logo\/image\/\"},\"sameAs\":[\"https:\/\/facebook.com\/mira.mira.atelier\",\"https:\/\/instagram.com\/mira_feter\"]}]}<\/script>\n<!-- \/ Yoast SEO plugin. -->","yoast_head_json":{"title":"Warsztat artystyczny grupowy - Mira atelier","robots":{"index":"index","follow":"follow","max-snippet":"max-snippet:-1","max-image-preview":"max-image-preview:large","max-video-preview":"max-video-preview:-1"},"canonical":"https:\/\/mira-atelier.com\/en\/shop\/warsztaty\/9153\/","og_locale":"en_US","og_type":"article","og_title":"Warsztat artystyczny grupowy - Mira atelier","og_description":"Warsztaty grupowe- malarstwo artystyczne jako praca z energi\u0105 wewn\u0119trznej transformacji","og_url":"https:\/\/mira-atelier.com\/en\/shop\/warsztaty\/9153\/","og_site_name":"Mira atelier","article_publisher":"https:\/\/facebook.com\/mira.mira.atelier","article_modified_time":"2026-03-22T14:33:49+00:00","og_image":[{"width":1920,"height":2560,"url":"https:\/\/mira-atelier.com\/wp-content\/uploads\/2025\/12\/IMG_1476-scaled.jpg","type":"image\/jpeg"}],"twitter_card":"summary_large_image","twitter_misc":{"Est. reading time":"1 minute"},"schema":{"@context":"https:\/\/schema.org","@graph":[{"@type":"WebPage","@id":"https:\/\/mira-atelier.com\/shop\/warsztaty\/9153\/","url":"https:\/\/mira-atelier.com\/shop\/warsztaty\/9153\/","name":"Warsztat artystyczny grupowy - Mira atelier","isPartOf":{"@id":"https:\/\/mira-atelier.com\/#website"},"primaryImageOfPage":{"@id":"https:\/\/mira-atelier.com\/shop\/warsztaty\/9153\/#primaryimage"},"image":{"@id":"https:\/\/mira-atelier.com\/shop\/warsztaty\/9153\/#primaryimage"},"thumbnailUrl":"https:\/\/mira-atelier.com\/wp-content\/uploads\/2025\/12\/IMG_1476-scaled.jpg","datePublished":"2025-12-14T20:07:30+00:00","dateModified":"2026-03-22T14:33:49+00:00","breadcrumb":{"@id":"https:\/\/mira-atelier.com\/shop\/warsztaty\/9153\/#breadcrumb"},"inLanguage":"en-US","potentialAction":[{"@type":"ReadAction","target":["https:\/\/mira-atelier.com\/shop\/warsztaty\/9153\/"]}]},{"@type":"ImageObject","inLanguage":"en-US","@id":"https:\/\/mira-atelier.com\/shop\/warsztaty\/9153\/#primaryimage","url":"https:\/\/mira-atelier.com\/wp-content\/uploads\/2025\/12\/IMG_1476-scaled.jpg","contentUrl":"https:\/\/mira-atelier.com\/wp-content\/uploads\/2025\/12\/IMG_1476-scaled.jpg","width":1920,"height":2560},{"@type":"BreadcrumbList","@id":"https:\/\/mira-atelier.com\/shop\/warsztaty\/9153\/#breadcrumb","itemListElement":[{"@type":"ListItem","position":1,"name":"Strona g\u0142\u00f3wna","item":"https:\/\/mira-atelier.com\/"},{"@type":"ListItem","position":2,"name":"Products","item":"https:\/\/mira-atelier.com\/shop\/"},{"@type":"ListItem","position":3,"name":"Warsztat artystyczny grupowy"}]},{"@type":"WebSite","@id":"https:\/\/mira-atelier.com\/#website","url":"https:\/\/mira-atelier.com\/","name":"Mira atelier","description":"","publisher":{"@id":"https:\/\/mira-atelier.com\/#organization"},"potentialAction":[{"@type":"SearchAction","target":{"@type":"EntryPoint","urlTemplate":"https:\/\/mira-atelier.com\/?s={search_term_string}"},"query-input":{"@type":"PropertyValueSpecification","valueRequired":true,"valueName":"search_term_string"}}],"inLanguage":"en-US"},{"@type":"Organization","@id":"https:\/\/mira-atelier.com\/#organization","name":"Mira atelier","url":"https:\/\/mira-atelier.com\/","logo":{"@type":"ImageObject","inLanguage":"en-US","@id":"https:\/\/mira-atelier.com\/#\/schema\/logo\/image\/","url":"https:\/\/mira-atelier.com\/wp-content\/uploads\/2025\/08\/cropped-logo_black_square.png","contentUrl":"https:\/\/mira-atelier.com\/wp-content\/uploads\/2025\/08\/cropped-logo_black_square.png","width":512,"height":512,"caption":"Mira atelier"},"image":{"@id":"https:\/\/mira-atelier.com\/#\/schema\/logo\/image\/"},"sameAs":["https:\/\/facebook.com\/mira.mira.atelier","https:\/\/instagram.com\/mira_feter"]}]}},"_links":{"self":[{"href":"https:\/\/mira-atelier.com\/en\/wp-json\/wp\/v2\/product\/9153","targetHints":{"allow":["GET"]}}],"collection":[{"href":"https:\/\/mira-atelier.com\/en\/wp-json\/wp\/v2\/product"}],"about":[{"href":"https:\/\/mira-atelier.com\/en\/wp-json\/wp\/v2\/types\/product"}],"wp:featuredmedia":[{"embeddable":true,"href":"https:\/\/mira-atelier.com\/en\/wp-json\/wp\/v2\/media\/9170"}],"wp:attachment":[{"href":"https:\/\/mira-atelier.com\/en\/wp-json\/wp\/v2\/media?parent=9153"}],"wp:term":[{"taxonomy":"product_brand","embeddable":true,"href":"https:\/\/mira-atelier.com\/en\/wp-json\/wp\/v2\/product_brand?post=9153"},{"taxonomy":"product_cat","embeddable":true,"href":"https:\/\/mira-atelier.com\/en\/wp-json\/wp\/v2\/product_cat?post=9153"},{"taxonomy":"product_tag","embeddable":true,"href":"https:\/\/mira-atelier.com\/en\/wp-json\/wp\/v2\/product_tag?post=9153"}],"curies":[{"name":"wp","href":"https:\/\/api.w.org\/{rel}","templated":true}]}}